{"id":17173,"date":"2023-11-22T11:29:22","date_gmt":"2023-11-22T10:29:22","guid":{"rendered":"http:\/\/dk.intec.com.pl\/?page_id=17173"},"modified":"2024-06-04T13:42:59","modified_gmt":"2024-06-04T11:42:59","slug":"rodo","status":"publish","type":"page","link":"https:\/\/intec.com.pl\/en\/rodo\/","title":{"rendered":"Rodo"},"content":{"rendered":"\t\t<div data-elementor-type=\"wp-page\" data-elementor-id=\"17173\" class=\"elementor elementor-17173\" data-elementor-post-type=\"page\">\n\t\t\t\t\t\t<section class=\"elementor-section elementor-top-section elementor-element elementor-element-1266b44 elementor-section-boxed elementor-section-height-default elementor-section-height-default\" data-id=\"1266b44\" data-element_type=\"section\">\n\t\t\t\t\t\t<div class=\"elementor-container elementor-column-gap-default\">\n\t\t\t\t\t<div class=\"elementor-column elementor-col-50 elementor-top-column elementor-element elementor-element-7c49768\" data-id=\"7c49768\" data-element_type=\"column\">\n\t\t\t<div class=\"elementor-widget-wrap elementor-element-populated\">\n\t\t\t\t\t\t<div class=\"elementor-element elementor-element-105da61 elementor-widget-divider--view-line elementor-widget elementor-widget-divider\" data-id=\"105da61\" data-element_type=\"widget\" data-widget_type=\"divider.default\">\n\t\t\t\t<div class=\"elementor-widget-container\">\n\t\t\t\t\t<div class=\"elementor-divider\">\n\t\t\t<span class=\"elementor-divider-separator\">\n\t\t\t\t\t\t<\/span>\n\t\t<\/div>\n\t\t\t\t<\/div>\n\t\t\t\t<\/div>\n\t\t\t\t\t<\/div>\n\t\t<\/div>\n\t\t\t\t<div class=\"elementor-column elementor-col-50 elementor-top-column elementor-element elementor-element-bc9e6a5\" data-id=\"bc9e6a5\" data-element_type=\"column\">\n\t\t\t<div class=\"elementor-widget-wrap elementor-element-populated\">\n\t\t\t\t\t\t<div class=\"elementor-element elementor-element-53717ba elementor-invisible elementor-widget elementor-widget-image\" data-id=\"53717ba\" data-element_type=\"widget\" data-settings=\"{&quot;_animation&quot;:&quot;fadeInLeft&quot;}\" data-widget_type=\"image.default\">\n\t\t\t\t<div class=\"elementor-widget-container\">\n\t\t\t\t\t\t\t\t\t\t\t\t\t<img fetchpriority=\"high\" decoding=\"async\" width=\"768\" height=\"93\" src=\"https:\/\/intec.com.pl\/en\/wp-content\/uploads\/2024\/05\/n_EN_2024-768x93.jpg\" class=\"attachment-medium_large size-medium_large wp-image-20375\" alt=\"\" srcset=\"https:\/\/intec.com.pl\/en\/wp-content\/uploads\/2024\/05\/n_EN_2024-768x93.jpg 768w, https:\/\/intec.com.pl\/en\/wp-content\/uploads\/2024\/05\/n_EN_2024-300x36.jpg 300w, https:\/\/intec.com.pl\/en\/wp-content\/uploads\/2024\/05\/n_EN_2024-1024x124.jpg 1024w, https:\/\/intec.com.pl\/en\/wp-content\/uploads\/2024\/05\/n_EN_2024-1536x185.jpg 1536w, https:\/\/intec.com.pl\/en\/wp-content\/uploads\/2024\/05\/n_EN_2024-600x72.jpg 600w, https:\/\/intec.com.pl\/en\/wp-content\/uploads\/2024\/05\/n_EN_2024.jpg 2029w\" sizes=\"(max-width: 768px) 100vw, 768px\" \/>\t\t\t\t\t\t\t\t\t\t\t\t\t<\/div>\n\t\t\t\t<\/div>\n\t\t\t\t<div class=\"elementor-element elementor-element-388fe99 elementor-invisible elementor-widget elementor-widget-text-editor\" data-id=\"388fe99\" data-element_type=\"widget\" data-settings=\"{&quot;_animation&quot;:&quot;fadeInRight&quot;}\" data-widget_type=\"text-editor.default\">\n\t\t\t\t<div class=\"elementor-widget-container\">\n\t\t\t\t\t\t\t<div><div data-elementor-setting-key=\"editor\" data-elementor-inline-editing-toolbar=\"advanced\"><p><strong>INFORMATION CLAUSE regarding PERSONAL DATA PROTECTION<\/strong><\/p><p>We inform you that::<\/p><p>1. The administrator of your personal data is INTEC Corp. (hereinafter referred to as the \u201cAdministrator\u201d or INTEC), with its registered office in D\u0142ugo\u0142\u0119ka (55-095 Mirk\u00f3w) at 33D Wroc\u0142awska Street, phone: +48 71 348-18-18, email: biuro@intec.com.pl.<\/p><p>2. Legal basis for processing: The Personal Data Protection Act of May 10, 2018 (hereinafter referred to as the \u201cAct\u201d) and the Regulation (EU) 2016\/679 of the European Parliament and of the Council of April 27, 2016 on the protection of natural persons with regard to the processing of personal data and on the free movement of such data, and repealing Directive 95\/46\/EC (hereinafter referred to as GDPR).<\/p><p>3. Purposes of personal data processing:<br \/>\u2022 maintaining HR and payroll documentation,<br \/>\u2022 handling customer inquiries and orders,<br \/>\u2022 other purposes necessary for conducting business activities by INTEC Corp.<\/p><p>4. The employee&#8217;s personal data will be stored for the duration of the employment relationship, and to the extent required by law, also after its termination.<\/p><p>5. Personal data provided by other individuals will be processed solely for purposes related to the business activities conducted by INTEC and stored for the period necessary to complete specific activities undertaken within the scope of INTEC\u2019s business activities.<\/p><p>6. You have the right to request from the Administrator access to your personal data, its rectification, erasure (&#8222;right to be forgotten&#8221;), or restriction of processing, to object to processing, and the right to data portability. Requests can be submitted electronically to: a.pieles@intec.com.pl or k.mocko@intec.com.pl, CC: biuro@intec.com.pl. The Administrator will respond promptly, no later than 30 days after the request is made.<\/p><p>7. You have the right to lodge a complaint with the supervisory authority, which is the President of the Personal Data Protection Office.<\/p><p>8. Providing personal data is voluntary but necessary for achieving the processing purposes mentioned in point 3 above. Failure to provide data will result in the non-establishment or termination of cooperation with INTEC Corp.<\/p><p>9. The personal data provided by you will not be subject to profiling.Corp<\/p><\/div><\/div>\t\t\t\t\t\t<\/div>\n\t\t\t\t<\/div>\n\t\t\t\t<div class=\"elementor-element elementor-element-914aecb elementor-widget-divider--view-line elementor-widget elementor-widget-divider\" data-id=\"914aecb\" data-element_type=\"widget\" data-widget_type=\"divider.default\">\n\t\t\t\t<div class=\"elementor-widget-container\">\n\t\t\t\t\t<div class=\"elementor-divider\">\n\t\t\t<span class=\"elementor-divider-separator\">\n\t\t\t\t\t\t<\/span>\n\t\t<\/div>\n\t\t\t\t<\/div>\n\t\t\t\t<\/div>\n\t\t\t\t\t<\/div>\n\t\t<\/div>\n\t\t\t\t\t<\/div>\n\t\t<\/section>\n\t\t\t\t<section class=\"elementor-section elementor-top-section elementor-element elementor-element-c2dd4ef elementor-section-boxed elementor-section-height-default elementor-section-height-default\" data-id=\"c2dd4ef\" data-element_type=\"section\">\n\t\t\t\t\t\t<div class=\"elementor-container elementor-column-gap-default\">\n\t\t\t\t\t<div class=\"elementor-column elementor-col-100 elementor-top-column elementor-element elementor-element-3e6394b\" data-id=\"3e6394b\" data-element_type=\"column\">\n\t\t\t<div class=\"elementor-widget-wrap\">\n\t\t\t\t\t\t\t<\/div>\n\t\t<\/div>\n\t\t\t\t\t<\/div>\n\t\t<\/section>\n\t\t\t\t<\/div>\n\t\t","protected":false},"excerpt":{"rendered":"<p>INFORMATION CLAUSE regarding PERSONAL DATA PROTECTION We inform you that:: 1. The administrator of your personal data is INTEC Corp. (hereinafter referred to as the \u201cAdministrator\u201d or INTEC), with its registered office in D\u0142ugo\u0142\u0119ka (55-095 Mirk\u00f3w) at 33D Wroc\u0142awska Street, phone: +48 71 348-18-18, email: biuro@intec.com.pl. 2. Legal basis for processing: The Personal Data Protection [&hellip;]<\/p>\n","protected":false},"author":1,"featured_media":0,"parent":0,"menu_order":0,"comment_status":"closed","ping_status":"closed","template":"","meta":{"_acf_changed":false,"footnotes":""},"class_list":["post-17173","page","type-page","status-publish","hentry"],"acf":[],"_links":{"self":[{"href":"https:\/\/intec.com.pl\/en\/wp-json\/wp\/v2\/pages\/17173","targetHints":{"allow":["GET"]}}],"collection":[{"href":"https:\/\/intec.com.pl\/en\/wp-json\/wp\/v2\/pages"}],"about":[{"href":"https:\/\/intec.com.pl\/en\/wp-json\/wp\/v2\/types\/page"}],"author":[{"embeddable":true,"href":"https:\/\/intec.com.pl\/en\/wp-json\/wp\/v2\/users\/1"}],"replies":[{"embeddable":true,"href":"https:\/\/intec.com.pl\/en\/wp-json\/wp\/v2\/comments?post=17173"}],"version-history":[{"count":21,"href":"https:\/\/intec.com.pl\/en\/wp-json\/wp\/v2\/pages\/17173\/revisions"}],"predecessor-version":[{"id":21085,"href":"https:\/\/intec.com.pl\/en\/wp-json\/wp\/v2\/pages\/17173\/revisions\/21085"}],"wp:attachment":[{"href":"https:\/\/intec.com.pl\/en\/wp-json\/wp\/v2\/media?parent=17173"}],"curies":[{"name":"wp","href":"https:\/\/api.w.org\/{rel}","templated":true}]}}